{"id":377,"date":"2015-01-29T08:49:59","date_gmt":"2015-01-29T08:49:59","guid":{"rendered":"http:\/\/themes.tielabs.com\/sahifa5\/?page_id=377"},"modified":"2018-05-14T09:59:04","modified_gmt":"2018-05-14T12:59:04","slug":"brasalveiculos","status":"publish","type":"page","link":"https:\/\/www.brasal.com.br\/veiculos\/blog\/brasalveiculos\/","title":{"rendered":"Brasal Ve\u00edculos"},"content":{"rendered":"<div style=\"text-align: justify;\">\n<p>Concession\u00e1ria Volkswagen fundada em 1963, a Brasal est\u00e1 localizada no Sia Trecho 1, Ceil\u00e2ndia Sul,Taguatinga e Formosa-GO em amplas e modernas instala\u00e7\u00f5es. \u00c9 umas das maiores revendas de ve\u00edculos novos e usados da regi\u00e3o centro-oeste e certificada pela Volkswagen com a ISO 9001 por possuir excelente padr\u00e3o de atendimento na oficina de servi\u00e7os e na comercializa\u00e7\u00e3o de pe\u00e7as.<\/p>\n<p>A Concession\u00e1ria Brasal sempre buscou a qualidade no atendimento aos clientes, aperfei\u00e7oamento profissional e melhorias na presta\u00e7\u00e3o de servi\u00e7os.<\/p>\n<p>Com a padroniza\u00e7\u00e3o das normas internacionais e, principalmente com a cria\u00e7\u00e3o da Norma ISO (International Organization for Standartization), a Brasal foi uma das primeiras concession\u00e1rias avaliadas pela Volkswagen, tendo seu sistema de gest\u00e3o certificado pelo IQA (Instituto de Qualidade Automotiva) e com a ISO 9001. Esse certificado \u00e9 fruto do alto investimento realizado no treinamento de seus funcion\u00e1rios, em tecnologia associada ao setor automotivo e na busca constante da melhoria de atendimento \u00e0s expectativas dos seus clientes.<\/p>\n<\/div>\n","protected":false},"excerpt":{"rendered":"<p>Concession\u00e1ria Volkswagen fundada em 1963, a Brasal est\u00e1 localizada no Sia Trecho 1, Ceil\u00e2ndia Sul,Taguatinga e Formosa-GO em amplas e modernas instala\u00e7\u00f5es. \u00c9 umas das maiores revendas de ve\u00edculos novos e usados da regi\u00e3o centro-oeste e certificada pela Volkswagen com a ISO 9001 por possuir excelente padr\u00e3o de atendimento na oficina de servi\u00e7os e na &hellip;<\/p>\n","protected":false},"author":1,"featured_media":801,"parent":0,"menu_order":0,"comment_status":"closed","ping_status":"closed","template":"","meta":[],"_links":{"self":[{"href":"https:\/\/www.brasal.com.br\/veiculos\/blog\/wp-json\/wp\/v2\/pages\/377"}],"collection":[{"href":"https:\/\/www.brasal.com.br\/veiculos\/blog\/wp-json\/wp\/v2\/pages"}],"about":[{"href":"https:\/\/www.brasal.com.br\/veiculos\/blog\/wp-json\/wp\/v2\/types\/page"}],"author":[{"embeddable":true,"href":"https:\/\/www.brasal.com.br\/veiculos\/blog\/wp-json\/wp\/v2\/users\/1"}],"replies":[{"embeddable":true,"href":"https:\/\/www.brasal.com.br\/veiculos\/blog\/wp-json\/wp\/v2\/comments?post=377"}],"version-history":[{"count":5,"href":"https:\/\/www.brasal.com.br\/veiculos\/blog\/wp-json\/wp\/v2\/pages\/377\/revisions"}],"predecessor-version":[{"id":2082,"href":"https:\/\/www.brasal.com.br\/veiculos\/blog\/wp-json\/wp\/v2\/pages\/377\/revisions\/2082"}],"wp:featuredmedia":[{"embeddable":true,"href":"https:\/\/www.brasal.com.br\/veiculos\/blog\/wp-json\/wp\/v2\/media\/801"}],"wp:attachment":[{"href":"https:\/\/www.brasal.com.br\/veiculos\/blog\/wp-json\/wp\/v2\/media?parent=377"}],"curies":[{"name":"wp","href":"https:\/\/api.w.org\/{rel}","templated":true}]}}