{"id":298,"date":"2015-01-26T19:24:09","date_gmt":"2015-01-26T19:24:09","guid":{"rendered":"http:\/\/themes.tielabs.com\/sahifa5\/?page_id=298"},"modified":"2016-08-04T11:06:34","modified_gmt":"2016-08-04T14:06:34","slug":"localizacao","status":"publish","type":"page","link":"https:\/\/www.brasal.com.br\/veiculos\/blog\/localizacao\/","title":{"rendered":"Localiza\u00e7\u00e3o"},"content":{"rendered":"<p><iframe loading=\"lazy\" style=\"border: 0;\" src=\"https:\/\/www.google.com\/maps\/embed?pb=!1m18!1m12!1m3!1d30710.648398107445!2d-47.997458785514915!3d-15.812860106947124!2m3!1f0!2f0!3f0!3m2!1i1024!2i768!4f13.1!3m3!1m2!1s0x935a3052b0dbf82d%3A0xc28c1b3587a4e48a!2sBrasal+Ve%C3%ADculos!5e0!3m2!1spt-BR!2sbr!4v1470317007042\" width=\"100%\" height=\"450\" frameborder=\"0\" allowfullscreen=\"allowfullscreen\"><\/iframe><\/p>\n<p><strong>Brasal Ve\u00edculos &#8211; Setor de Ind\u00fastria e Abastecimento (SIA)<\/strong><\/p>\n<p>SIA Trecho 01 555<\/p>\n<p>Telefone: (61) 3962-6655<br \/>\nHor\u00e1rio de Atendimento: Segunda a S\u00e1bado de 08:00 \u00e0s 18:00.<\/p>\n<p>&nbsp;<\/p>\n<p>&nbsp;<\/p>\n<p><iframe loading=\"lazy\" style=\"border: 0;\" src=\"https:\/\/www.google.com\/maps\/embed?pb=!1m18!1m12!1m3!1d30707.30979380499!2d-48.129800660449256!3d-15.8348382!2m3!1f0!2f0!3f0!3m2!1i1024!2i768!4f13.1!3m3!1m2!1s0x935bcc8b3ed368e1%3A0x9efbfcc18ab7427!2sBrasal+Ve%C3%ADculos+Ceil%C3%A2ndia!5e0!3m2!1spt-BR!2sbr!4v1470317430860\" width=\"100%\" height=\"450\" frameborder=\"0\" allowfullscreen=\"allowfullscreen\"><\/iframe><\/p>\n<p><strong>Brasal Ve\u00edculos &#8211; Ceil\u00e2ndia<\/strong><\/p>\n<p>QNN 30 \u00c1rea Especial F, S\/N<br \/>\nCeil\u00e2ndia<\/p>\n<p>Telefone: (61) 3035-6666<br \/>\nHor\u00e1rio de Atendimento: Segunda a S\u00e1bado de 08:00 \u00e0s 18:00.<\/p>\n","protected":false},"excerpt":{"rendered":"<p>Brasal Ve\u00edculos &#8211; Setor de Ind\u00fastria e Abastecimento (SIA) SIA Trecho 01 555 Telefone: (61) 3962-6655 Hor\u00e1rio de Atendimento: Segunda a S\u00e1bado de 08:00 \u00e0s 18:00. &nbsp; &nbsp; Brasal Ve\u00edculos &#8211; Ceil\u00e2ndia QNN 30 \u00c1rea Especial F, S\/N Ceil\u00e2ndia Telefone: (61) 3035-6666 Hor\u00e1rio de Atendimento: Segunda a S\u00e1bado de 08:00 \u00e0s 18:00.<\/p>\n","protected":false},"author":1,"featured_media":0,"parent":0,"menu_order":0,"comment_status":"closed","ping_status":"closed","template":"","meta":[],"_links":{"self":[{"href":"https:\/\/www.brasal.com.br\/veiculos\/blog\/wp-json\/wp\/v2\/pages\/298"}],"collection":[{"href":"https:\/\/www.brasal.com.br\/veiculos\/blog\/wp-json\/wp\/v2\/pages"}],"about":[{"href":"https:\/\/www.brasal.com.br\/veiculos\/blog\/wp-json\/wp\/v2\/types\/page"}],"author":[{"embeddable":true,"href":"https:\/\/www.brasal.com.br\/veiculos\/blog\/wp-json\/wp\/v2\/users\/1"}],"replies":[{"embeddable":true,"href":"https:\/\/www.brasal.com.br\/veiculos\/blog\/wp-json\/wp\/v2\/comments?post=298"}],"version-history":[{"count":3,"href":"https:\/\/www.brasal.com.br\/veiculos\/blog\/wp-json\/wp\/v2\/pages\/298\/revisions"}],"predecessor-version":[{"id":806,"href":"https:\/\/www.brasal.com.br\/veiculos\/blog\/wp-json\/wp\/v2\/pages\/298\/revisions\/806"}],"wp:attachment":[{"href":"https:\/\/www.brasal.com.br\/veiculos\/blog\/wp-json\/wp\/v2\/media?parent=298"}],"curies":[{"name":"wp","href":"https:\/\/api.w.org\/{rel}","templated":true}]}}