{"id":864,"date":"2024-03-25T09:30:34","date_gmt":"2024-03-25T12:30:34","guid":{"rendered":"https:\/\/www.brasal.com.br\/instituto\/?page_id=864"},"modified":"2024-06-06T15:15:59","modified_gmt":"2024-06-06T18:15:59","slug":"comecar-bem","status":"publish","type":"page","link":"https:\/\/www.brasal.com.br\/instituto\/comecar-bem\/","title":{"rendered":"Come\u00e7ar Bem"},"content":{"rendered":"\t\t<div data-elementor-type=\"wp-page\" data-elementor-id=\"864\" class=\"elementor elementor-864\">\n\t\t\t\t<div class=\"elementor-element elementor-element-bd55d38 e-flex e-con-boxed e-con e-parent\" data-id=\"bd55d38\" data-element_type=\"container\" data-settings=\"{&quot;background_background&quot;:&quot;classic&quot;}\">\n\t\t\t\t\t<div class=\"e-con-inner\">\n\t\t<div class=\"elementor-element elementor-element-7a625e3 e-con-full e-flex e-con e-child\" data-id=\"7a625e3\" data-element_type=\"container\">\n\t\t\t\t<div class=\"elementor-element elementor-element-c205e95 elementor-widget elementor-widget-image\" data-id=\"c205e95\" data-element_type=\"widget\" data-widget_type=\"image.default\">\n\t\t\t\t<div class=\"elementor-widget-container\">\n\t\t\t\t\t\t\t\t\t\t\t\t\t<img fetchpriority=\"high\" decoding=\"async\" width=\"560\" height=\"195\" src=\"https:\/\/www.brasal.com.br\/instituto\/wp-content\/uploads\/2024\/05\/Logo-Programa-Comecar-Bem-Br_1-8.png\" class=\"attachment-full size-full wp-image-2656\" alt=\"\" srcset=\"https:\/\/www.brasal.com.br\/instituto\/wp-content\/uploads\/2024\/05\/Logo-Programa-Comecar-Bem-Br_1-8.png 560w, https:\/\/www.brasal.com.br\/instituto\/wp-content\/uploads\/2024\/05\/Logo-Programa-Comecar-Bem-Br_1-8-300x104.png 300w, https:\/\/www.brasal.com.br\/instituto\/wp-content\/uploads\/2024\/05\/Logo-Programa-Comecar-Bem-Br_1-8-200x70.png 200w\" sizes=\"(max-width: 560px) 100vw, 560px\" \/>\t\t\t\t\t\t\t\t\t\t\t\t\t<\/div>\n\t\t\t\t<\/div>\n\t\t\t\t<div class=\"elementor-element elementor-element-dd90630 elementor-widget elementor-widget-text-editor\" data-id=\"dd90630\" data-element_type=\"widget\" data-widget_type=\"text-editor.default\">\n\t\t\t\t<div class=\"elementor-widget-container\">\n\t\t\t\t\t\t\t<p>O objetivo do programa \u201cCome\u00e7ar Bem\u201d \u00e9 preparar adolescentes para ingressarem de forma assertiva e consciente no mercado de trabalho. Al\u00e9m disso, visa difundir para a nova gera\u00e7\u00e3o de profissionais, conhecimentos relacionados a tend\u00eancias tecnol\u00f3gicas inovadoras, auxiliando no processo de constru\u00e7\u00e3o do conhecimento e possibilitando a forma\u00e7\u00e3o integral dos participantes. Dessa forma, os adolescentes saem do programa capacitados para enfrentar os desafios impostos pelo mundo do trabalho atual.<\/p>\t\t\t\t\t\t<\/div>\n\t\t\t\t<\/div>\n\t\t\t\t<\/div>\n\t\t<div class=\"elementor-element elementor-element-a5e0c4c e-con-full e-flex e-con e-child\" data-id=\"a5e0c4c\" data-element_type=\"container\">\n\t\t\t\t<div class=\"elementor-element elementor-element-4139748 elementor-widget elementor-widget-image\" data-id=\"4139748\" data-element_type=\"widget\" data-widget_type=\"image.default\">\n\t\t\t\t<div class=\"elementor-widget-container\">\n\t\t\t\t\t\t\t\t\t\t\t\t\t<img decoding=\"async\" width=\"1000\" height=\"982\" src=\"https:\/\/www.brasal.com.br\/instituto\/wp-content\/uploads\/2024\/04\/Estudantes-do-Programa-Comecar-Bem-do-Instituto-Brasal-Recortado.webp\" class=\"attachment-full size-full wp-image-1324\" alt=\"\" srcset=\"https:\/\/www.brasal.com.br\/instituto\/wp-content\/uploads\/2024\/04\/Estudantes-do-Programa-Comecar-Bem-do-Instituto-Brasal-Recortado.webp 1000w, https:\/\/www.brasal.com.br\/instituto\/wp-content\/uploads\/2024\/04\/Estudantes-do-Programa-Comecar-Bem-do-Instituto-Brasal-Recortado-300x295.webp 300w, https:\/\/www.brasal.com.br\/instituto\/wp-content\/uploads\/2024\/04\/Estudantes-do-Programa-Comecar-Bem-do-Instituto-Brasal-Recortado-768x754.webp 768w, https:\/\/www.brasal.com.br\/instituto\/wp-content\/uploads\/2024\/04\/Estudantes-do-Programa-Comecar-Bem-do-Instituto-Brasal-Recortado-200x196.webp 200w\" sizes=\"(max-width: 1000px) 100vw, 1000px\" \/>\t\t\t\t\t\t\t\t\t\t\t\t\t<\/div>\n\t\t\t\t<\/div>\n\t\t\t\t<\/div>\n\t\t\t\t\t<\/div>\n\t\t\t\t<\/div>\n\t\t<div class=\"elementor-element elementor-element-bc3d19d e-flex e-con-boxed e-con e-parent\" data-id=\"bc3d19d\" data-element_type=\"container\">\n\t\t\t\t\t<div class=\"e-con-inner\">\n\t\t<div class=\"elementor-element elementor-element-4fa0d4b e-con-full e-flex e-con e-child\" data-id=\"4fa0d4b\" data-element_type=\"container\">\n\t\t\t\t<div class=\"elementor-element elementor-element-2083d43 elementor-widget elementor-widget-image\" data-id=\"2083d43\" data-element_type=\"widget\" data-widget_type=\"image.default\">\n\t\t\t\t<div class=\"elementor-widget-container\">\n\t\t\t\t\t\t\t\t\t\t\t\t\t<img decoding=\"async\" width=\"800\" height=\"800\" src=\"https:\/\/www.brasal.com.br\/instituto\/wp-content\/uploads\/2024\/04\/Estudante-OSCs.webp\" class=\"attachment-large size-large wp-image-2288\" alt=\"\" srcset=\"https:\/\/www.brasal.com.br\/instituto\/wp-content\/uploads\/2024\/04\/Estudante-OSCs.webp 1000w, https:\/\/www.brasal.com.br\/instituto\/wp-content\/uploads\/2024\/04\/Estudante-OSCs-300x300.webp 300w, https:\/\/www.brasal.com.br\/instituto\/wp-content\/uploads\/2024\/04\/Estudante-OSCs-150x150.webp 150w, https:\/\/www.brasal.com.br\/instituto\/wp-content\/uploads\/2024\/04\/Estudante-OSCs-768x768.webp 768w, https:\/\/www.brasal.com.br\/instituto\/wp-content\/uploads\/2024\/04\/Estudante-OSCs-200x200.webp 200w\" sizes=\"(max-width: 800px) 100vw, 800px\" \/>\t\t\t\t\t\t\t\t\t\t\t\t\t<\/div>\n\t\t\t\t<\/div>\n\t\t\t\t<\/div>\n\t\t<div class=\"elementor-element elementor-element-6c71533 e-con-full e-flex e-con e-child\" data-id=\"6c71533\" data-element_type=\"container\">\n\t\t\t\t<div class=\"elementor-element elementor-element-aec2296 elementor-widget elementor-widget-heading\" data-id=\"aec2296\" data-element_type=\"widget\" data-widget_type=\"heading.default\">\n\t\t\t\t<div class=\"elementor-widget-container\">\n\t\t\t<h2 class=\"elementor-heading-title elementor-size-default\">Benef\u00edcios\n<\/h2>\t\t<\/div>\n\t\t\t\t<\/div>\n\t\t\t\t<div class=\"elementor-element elementor-element-28c55df elementor-align-left elementor-icon-list--layout-traditional elementor-list-item-link-full_width elementor-widget elementor-widget-icon-list\" data-id=\"28c55df\" data-element_type=\"widget\" data-widget_type=\"icon-list.default\">\n\t\t\t\t<div class=\"elementor-widget-container\">\n\t\t\t\t\t<ul class=\"elementor-icon-list-items\">\n\t\t\t\t\t\t\t<li class=\"elementor-icon-list-item\">\n\t\t\t\t\t\t\t\t\t\t\t<span class=\"elementor-icon-list-icon\">\n\t\t\t\t\t\t\t<svg aria-hidden=\"true\" class=\"e-font-icon-svg e-fas-braille\" viewBox=\"0 0 640 512\" xmlns=\"http:\/\/www.w3.org\/2000\/svg\"><path d=\"M128 256c0 35.346-28.654 64-64 64S0 291.346 0 256s28.654-64 64-64 64 28.654 64 64zM64 384c-17.673 0-32 14.327-32 32s14.327 32 32 32 32-14.327 32-32-14.327-32-32-32zm0-352C28.654 32 0 60.654 0 96s28.654 64 64 64 64-28.654 64-64-28.654-64-64-64zm160 192c-17.673 0-32 14.327-32 32s14.327 32 32 32 32-14.327 32-32-14.327-32-32-32zm0 160c-17.673 0-32 14.327-32 32s14.327 32 32 32 32-14.327 32-32-14.327-32-32-32zm0-352c-35.346 0-64 28.654-64 64s28.654 64 64 64 64-28.654 64-64-28.654-64-64-64zm224 192c-17.673 0-32 14.327-32 32s14.327 32 32 32 32-14.327 32-32-14.327-32-32-32zm0 160c-17.673 0-32 14.327-32 32s14.327 32 32 32 32-14.327 32-32-14.327-32-32-32zm0-352c-35.346 0-64 28.654-64 64s28.654 64 64 64 64-28.654 64-64-28.654-64-64-64zm160 192c-17.673 0-32 14.327-32 32s14.327 32 32 32 32-14.327 32-32-14.327-32-32-32zm0 160c-17.673 0-32 14.327-32 32s14.327 32 32 32 32-14.327 32-32-14.327-32-32-32zm0-320c-17.673 0-32 14.327-32 32s14.327 32 32 32 32-14.327 32-32-14.327-32-32-32z\"><\/path><\/svg>\t\t\t\t\t\t<\/span>\n\t\t\t\t\t\t\t\t\t\t<span class=\"elementor-icon-list-text\">Os participantes tem a possibilidade de conhecer a rotina de trabalho de uma empresa de grande porte, a fim de colaborar com a reflex\u00e3o sobre perspectivas de futuro e atua\u00e7\u00e3o profissional;<\/span>\n\t\t\t\t\t\t\t\t\t<\/li>\n\t\t\t\t\t\t\t\t<li class=\"elementor-icon-list-item\">\n\t\t\t\t\t\t\t\t\t\t\t<span class=\"elementor-icon-list-icon\">\n\t\t\t\t\t\t\t<svg aria-hidden=\"true\" class=\"e-font-icon-svg e-fas-braille\" viewBox=\"0 0 640 512\" xmlns=\"http:\/\/www.w3.org\/2000\/svg\"><path d=\"M128 256c0 35.346-28.654 64-64 64S0 291.346 0 256s28.654-64 64-64 64 28.654 64 64zM64 384c-17.673 0-32 14.327-32 32s14.327 32 32 32 32-14.327 32-32-14.327-32-32-32zm0-352C28.654 32 0 60.654 0 96s28.654 64 64 64 64-28.654 64-64-28.654-64-64-64zm160 192c-17.673 0-32 14.327-32 32s14.327 32 32 32 32-14.327 32-32-14.327-32-32-32zm0 160c-17.673 0-32 14.327-32 32s14.327 32 32 32 32-14.327 32-32-14.327-32-32-32zm0-352c-35.346 0-64 28.654-64 64s28.654 64 64 64 64-28.654 64-64-28.654-64-64-64zm224 192c-17.673 0-32 14.327-32 32s14.327 32 32 32 32-14.327 32-32-14.327-32-32-32zm0 160c-17.673 0-32 14.327-32 32s14.327 32 32 32 32-14.327 32-32-14.327-32-32-32zm0-352c-35.346 0-64 28.654-64 64s28.654 64 64 64 64-28.654 64-64-28.654-64-64-64zm160 192c-17.673 0-32 14.327-32 32s14.327 32 32 32 32-14.327 32-32-14.327-32-32-32zm0 160c-17.673 0-32 14.327-32 32s14.327 32 32 32 32-14.327 32-32-14.327-32-32-32zm0-320c-17.673 0-32 14.327-32 32s14.327 32 32 32 32-14.327 32-32-14.327-32-32-32z\"><\/path><\/svg>\t\t\t\t\t\t<\/span>\n\t\t\t\t\t\t\t\t\t\t<span class=\"elementor-icon-list-text\">Colocar em pr\u00e1tica conte\u00fados ministrados nas oficinas<\/span>\n\t\t\t\t\t\t\t\t\t<\/li>\n\t\t\t\t\t\t\t\t<li class=\"elementor-icon-list-item\">\n\t\t\t\t\t\t\t\t\t\t\t<span class=\"elementor-icon-list-icon\">\n\t\t\t\t\t\t\t<svg aria-hidden=\"true\" class=\"e-font-icon-svg e-fas-braille\" viewBox=\"0 0 640 512\" xmlns=\"http:\/\/www.w3.org\/2000\/svg\"><path d=\"M128 256c0 35.346-28.654 64-64 64S0 291.346 0 256s28.654-64 64-64 64 28.654 64 64zM64 384c-17.673 0-32 14.327-32 32s14.327 32 32 32 32-14.327 32-32-14.327-32-32-32zm0-352C28.654 32 0 60.654 0 96s28.654 64 64 64 64-28.654 64-64-28.654-64-64-64zm160 192c-17.673 0-32 14.327-32 32s14.327 32 32 32 32-14.327 32-32-14.327-32-32-32zm0 160c-17.673 0-32 14.327-32 32s14.327 32 32 32 32-14.327 32-32-14.327-32-32-32zm0-352c-35.346 0-64 28.654-64 64s28.654 64 64 64 64-28.654 64-64-28.654-64-64-64zm224 192c-17.673 0-32 14.327-32 32s14.327 32 32 32 32-14.327 32-32-14.327-32-32-32zm0 160c-17.673 0-32 14.327-32 32s14.327 32 32 32 32-14.327 32-32-14.327-32-32-32zm0-352c-35.346 0-64 28.654-64 64s28.654 64 64 64 64-28.654 64-64-28.654-64-64-64zm160 192c-17.673 0-32 14.327-32 32s14.327 32 32 32 32-14.327 32-32-14.327-32-32-32zm0 160c-17.673 0-32 14.327-32 32s14.327 32 32 32 32-14.327 32-32-14.327-32-32-32zm0-320c-17.673 0-32 14.327-32 32s14.327 32 32 32 32-14.327 32-32-14.327-32-32-32z\"><\/path><\/svg>\t\t\t\t\t\t<\/span>\n\t\t\t\t\t\t\t\t\t\t<span class=\"elementor-icon-list-text\">Descoberta de novos talentos que possam abrir portas para oportunidades de emprego e renda nas empresas Brasal;<\/span>\n\t\t\t\t\t\t\t\t\t<\/li>\n\t\t\t\t\t\t<\/ul>\n\t\t\t\t<\/div>\n\t\t\t\t<\/div>\n\t\t\t\t<div class=\"elementor-element elementor-element-887aaf0 elementor-widget elementor-widget-heading\" data-id=\"887aaf0\" data-element_type=\"widget\" data-widget_type=\"heading.default\">\n\t\t\t\t<div class=\"elementor-widget-container\">\n\t\t\t<h2 class=\"elementor-heading-title elementor-size-default\">Conhe\u00e7a os ciclos do programa<\/h2>\t\t<\/div>\n\t\t\t\t<\/div>\n\t\t\t\t<div class=\"elementor-element elementor-element-8d20d8c elementor-align-left elementor-widget elementor-widget-button\" data-id=\"8d20d8c\" data-element_type=\"widget\" data-widget_type=\"button.default\">\n\t\t\t\t<div class=\"elementor-widget-container\">\n\t\t\t\t\t<div class=\"elementor-button-wrapper\">\n\t\t\t<a class=\"elementor-button elementor-button-link elementor-size-sm elementor-animation-grow\" href=\"https:\/\/www.brasal.com.br\/noticias?tag=programa-comecar-bem\" target=\"_blank\">\n\t\t\t\t\t\t<span class=\"elementor-button-content-wrapper\">\n\t\t\t\t\t\t\t\t\t<span class=\"elementor-button-text\">Clique aqui e confira<\/span>\n\t\t\t\t\t<\/span>\n\t\t\t\t\t<\/a>\n\t\t<\/div>\n\t\t\t\t<\/div>\n\t\t\t\t<\/div>\n\t\t\t\t<\/div>\n\t\t\t\t\t<\/div>\n\t\t\t\t<\/div>\n\t\t<div class=\"elementor-element elementor-element-2f06345 e-flex e-con-boxed e-con e-parent\" data-id=\"2f06345\" data-element_type=\"container\" data-settings=\"{&quot;background_background&quot;:&quot;classic&quot;}\">\n\t\t\t\t\t<div class=\"e-con-inner\">\n\t\t<div class=\"elementor-element elementor-element-328b078 e-flex e-con-boxed e-con e-child\" data-id=\"328b078\" data-element_type=\"container\">\n\t\t\t\t\t<div class=\"e-con-inner\">\n\t\t\t\t<div class=\"elementor-element elementor-element-574ba91 elementor-widget elementor-widget-heading\" data-id=\"574ba91\" data-element_type=\"widget\" data-widget_type=\"heading.default\">\n\t\t\t\t<div class=\"elementor-widget-container\">\n\t\t\t<h2 class=\"elementor-heading-title elementor-size-default\">Parceiros<\/h2>\t\t<\/div>\n\t\t\t\t<\/div>\n\t\t\t\t<div class=\"elementor-element elementor-element-1f64a43 elementor-widget elementor-widget-image-gallery\" data-id=\"1f64a43\" data-element_type=\"widget\" data-widget_type=\"image-gallery.default\">\n\t\t\t\t<div class=\"elementor-widget-container\">\n\t\t\t\t\t<div class=\"elementor-image-gallery\">\n\t\t\t<div id='gallery-1' class='gallery galleryid-864 gallery-columns-1 gallery-size-full'><figure class='gallery-item'>\n\t\t\t<div class='gallery-icon landscape'>\n\t\t\t\t<img loading=\"lazy\" decoding=\"async\" width=\"200\" height=\"100\" src=\"https:\/\/www.brasal.com.br\/instituto\/wp-content\/uploads\/2024\/04\/Logo-ETB.jpg\" class=\"attachment-full size-full\" alt=\"\" \/>\n\t\t\t<\/div><\/figure>\n\t\t<\/div>\n\t\t<\/div>\n\t\t\t\t<\/div>\n\t\t\t\t<\/div>\n\t\t\t\t\t<\/div>\n\t\t\t\t<\/div>\n\t\t\t\t\t<\/div>\n\t\t\t\t<\/div>\n\t\t<div class=\"elementor-element elementor-element-cea3a58 e-flex e-con-boxed e-con e-parent\" data-id=\"cea3a58\" data-element_type=\"container\" data-settings=\"{&quot;background_background&quot;:&quot;classic&quot;}\">\n\t\t\t\t\t<div class=\"e-con-inner\">\n\t\t<div class=\"elementor-element elementor-element-76aee92 e-con-full e-flex e-con e-child\" data-id=\"76aee92\" data-element_type=\"container\">\n\t\t\t\t<div class=\"elementor-element elementor-element-1a53474 elementor-widget elementor-widget-image\" data-id=\"1a53474\" data-element_type=\"widget\" data-widget_type=\"image.default\">\n\t\t\t\t<div class=\"elementor-widget-container\">\n\t\t\t\t\t\t\t\t\t\t\t\t\t<img loading=\"lazy\" decoding=\"async\" width=\"396\" height=\"127\" src=\"https:\/\/www.brasal.com.br\/instituto\/wp-content\/uploads\/2024\/03\/mais-brasal-branco.png\" class=\"attachment-large size-large wp-image-631\" alt=\"\" srcset=\"https:\/\/www.brasal.com.br\/instituto\/wp-content\/uploads\/2024\/03\/mais-brasal-branco.png 396w, https:\/\/www.brasal.com.br\/instituto\/wp-content\/uploads\/2024\/03\/mais-brasal-branco-300x96.png 300w, https:\/\/www.brasal.com.br\/instituto\/wp-content\/uploads\/2024\/03\/mais-brasal-branco-200x64.png 200w\" sizes=\"(max-width: 396px) 100vw, 396px\" \/>\t\t\t\t\t\t\t\t\t\t\t\t\t<\/div>\n\t\t\t\t<\/div>\n\t\t\t\t<div class=\"elementor-element elementor-element-bb697ba e-grid-align-left elementor-shape-rounded elementor-grid-0 elementor-widget elementor-widget-social-icons\" data-id=\"bb697ba\" data-element_type=\"widget\" data-widget_type=\"social-icons.default\">\n\t\t\t\t<div class=\"elementor-widget-container\">\n\t\t\t\t\t<div class=\"elementor-social-icons-wrapper elementor-grid\">\n\t\t\t\t\t\t\t<span class=\"elementor-grid-item\">\n\t\t\t\t\t<a class=\"elementor-icon elementor-social-icon elementor-social-icon-facebook elementor-repeater-item-9d6fe27\" href=\"https:\/\/www.facebook.com\/people\/Instituto-Brasal\/100092365042064\/?is_tour_dismissed=true\" target=\"_blank\">\n\t\t\t\t\t\t<span class=\"elementor-screen-only\">Facebook<\/span>\n\t\t\t\t\t\t<svg class=\"e-font-icon-svg e-fab-facebook\" viewBox=\"0 0 512 512\" xmlns=\"http:\/\/www.w3.org\/2000\/svg\"><path d=\"M504 256C504 119 393 8 256 8S8 119 8 256c0 123.78 90.69 226.38 209.25 245V327.69h-63V256h63v-54.64c0-62.15 37-96.48 93.67-96.48 27.14 0 55.52 4.84 55.52 4.84v61h-31.28c-30.8 0-40.41 19.12-40.41 38.73V256h68.78l-11 71.69h-57.78V501C413.31 482.38 504 379.78 504 256z\"><\/path><\/svg>\t\t\t\t\t<\/a>\n\t\t\t\t<\/span>\n\t\t\t\t\t\t\t<span class=\"elementor-grid-item\">\n\t\t\t\t\t<a class=\"elementor-icon elementor-social-icon elementor-social-icon-linkedin elementor-repeater-item-bd4cdca\" href=\"https:\/\/www.linkedin.com\/company\/brasal\/mycompany\/\" target=\"_blank\">\n\t\t\t\t\t\t<span class=\"elementor-screen-only\">Linkedin<\/span>\n\t\t\t\t\t\t<svg class=\"e-font-icon-svg e-fab-linkedin\" viewBox=\"0 0 448 512\" xmlns=\"http:\/\/www.w3.org\/2000\/svg\"><path d=\"M416 32H31.9C14.3 32 0 46.5 0 64.3v383.4C0 465.5 14.3 480 31.9 480H416c17.6 0 32-14.5 32-32.3V64.3c0-17.8-14.4-32.3-32-32.3zM135.4 416H69V202.2h66.5V416zm-33.2-243c-21.3 0-38.5-17.3-38.5-38.5S80.9 96 102.2 96c21.2 0 38.5 17.3 38.5 38.5 0 21.3-17.2 38.5-38.5 38.5zm282.1 243h-66.4V312c0-24.8-.5-56.7-34.5-56.7-34.6 0-39.9 27-39.9 54.9V416h-66.4V202.2h63.7v29.2h.9c8.9-16.8 30.6-34.5 62.9-34.5 67.2 0 79.7 44.3 79.7 101.9V416z\"><\/path><\/svg>\t\t\t\t\t<\/a>\n\t\t\t\t<\/span>\n\t\t\t\t\t\t\t<span class=\"elementor-grid-item\">\n\t\t\t\t\t<a class=\"elementor-icon elementor-social-icon elementor-social-icon-youtube elementor-repeater-item-9e60b37\" href=\"https:\/\/www.youtube.com\/portalbrasal\" target=\"_blank\">\n\t\t\t\t\t\t<span class=\"elementor-screen-only\">Youtube<\/span>\n\t\t\t\t\t\t<svg class=\"e-font-icon-svg e-fab-youtube\" viewBox=\"0 0 576 512\" xmlns=\"http:\/\/www.w3.org\/2000\/svg\"><path d=\"M549.655 124.083c-6.281-23.65-24.787-42.276-48.284-48.597C458.781 64 288 64 288 64S117.22 64 74.629 75.486c-23.497 6.322-42.003 24.947-48.284 48.597-11.412 42.867-11.412 132.305-11.412 132.305s0 89.438 11.412 132.305c6.281 23.65 24.787 41.5 48.284 47.821C117.22 448 288 448 288 448s170.78 0 213.371-11.486c23.497-6.321 42.003-24.171 48.284-47.821 11.412-42.867 11.412-132.305 11.412-132.305s0-89.438-11.412-132.305zm-317.51 213.508V175.185l142.739 81.205-142.739 81.201z\"><\/path><\/svg>\t\t\t\t\t<\/a>\n\t\t\t\t<\/span>\n\t\t\t\t\t\t\t<span class=\"elementor-grid-item\">\n\t\t\t\t\t<a class=\"elementor-icon elementor-social-icon elementor-social-icon-instagram elementor-repeater-item-02c7afa\" href=\"https:\/\/www.instagram.com\/institutomaisbrasal\/\" target=\"_blank\">\n\t\t\t\t\t\t<span class=\"elementor-screen-only\">Instagram<\/span>\n\t\t\t\t\t\t<svg class=\"e-font-icon-svg e-fab-instagram\" viewBox=\"0 0 448 512\" xmlns=\"http:\/\/www.w3.org\/2000\/svg\"><path d=\"M224.1 141c-63.6 0-114.9 51.3-114.9 114.9s51.3 114.9 114.9 114.9S339 319.5 339 255.9 287.7 141 224.1 141zm0 189.6c-41.1 0-74.7-33.5-74.7-74.7s33.5-74.7 74.7-74.7 74.7 33.5 74.7 74.7-33.6 74.7-74.7 74.7zm146.4-194.3c0 14.9-12 26.8-26.8 26.8-14.9 0-26.8-12-26.8-26.8s12-26.8 26.8-26.8 26.8 12 26.8 26.8zm76.1 27.2c-1.7-35.9-9.9-67.7-36.2-93.9-26.2-26.2-58-34.4-93.9-36.2-37-2.1-147.9-2.1-184.9 0-35.8 1.7-67.6 9.9-93.9 36.1s-34.4 58-36.2 93.9c-2.1 37-2.1 147.9 0 184.9 1.7 35.9 9.9 67.7 36.2 93.9s58 34.4 93.9 36.2c37 2.1 147.9 2.1 184.9 0 35.9-1.7 67.7-9.9 93.9-36.2 26.2-26.2 34.4-58 36.2-93.9 2.1-37 2.1-147.8 0-184.8zM398.8 388c-7.8 19.6-22.9 34.7-42.6 42.6-29.5 11.7-99.5 9-132.1 9s-102.7 2.6-132.1-9c-19.6-7.8-34.7-22.9-42.6-42.6-11.7-29.5-9-99.5-9-132.1s-2.6-102.7 9-132.1c7.8-19.6 22.9-34.7 42.6-42.6 29.5-11.7 99.5-9 132.1-9s102.7-2.6 132.1 9c19.6 7.8 34.7 22.9 42.6 42.6 11.7 29.5 9 99.5 9 132.1s2.7 102.7-9 132.1z\"><\/path><\/svg>\t\t\t\t\t<\/a>\n\t\t\t\t<\/span>\n\t\t\t\t\t<\/div>\n\t\t\t\t<\/div>\n\t\t\t\t<\/div>\n\t\t\t\t<\/div>\n\t\t<div class=\"elementor-element elementor-element-19fe217 e-con-full e-flex e-con e-child\" data-id=\"19fe217\" data-element_type=\"container\">\n\t\t\t\t<div class=\"elementor-element elementor-element-582785f elementor-widget elementor-widget-heading\" data-id=\"582785f\" data-element_type=\"widget\" data-widget_type=\"heading.default\">\n\t\t\t\t<div class=\"elementor-widget-container\">\n\t\t\t<h3 class=\"elementor-heading-title elementor-size-default\">INSTITUCIONAL BRASAL<\/h3>\t\t<\/div>\n\t\t\t\t<\/div>\n\t\t\t\t<div class=\"elementor-element elementor-element-4230680 elementor-widget elementor-widget-text-editor\" data-id=\"4230680\" data-element_type=\"widget\" data-widget_type=\"text-editor.default\">\n\t\t\t\t<div class=\"elementor-widget-container\">\n\t\t\t\t\t\t\t<p><span style=\"color: #ffffff;\"><a class=\"footer-links\" style=\"color: #ffffff;\" href=\"https:\/\/www.brasal.com.br\/historia\/\">A Hist\u00f3ria<\/a><\/span><\/p><p><span style=\"color: #ffffff;\"><a class=\"footer-links\" style=\"color: #ffffff;\" href=\"https:\/\/www.brasal.com.br\/cultura-de-realizacao-brasal\/\">Cultura de Realiza\u00e7\u00e3o Brasal<\/a><\/span><\/p><p><span style=\"color: #ffffff;\"><a class=\"footer-links\" style=\"color: #ffffff;\" href=\"https:\/\/www.brasal.com.br\/mensagem-do-presidente\/\">Mensagem do Presidente<\/a><\/span><\/p><p><span style=\"color: #ffffff;\"><a class=\"footer-links\" style=\"color: #ffffff;\" href=\"https:\/\/www.brasal.com.br\/acoes-solidarias\/\">Brasal Solid\u00e1ria<\/a><\/span><\/p><p><span style=\"color: #ffffff;\"><a class=\"footer-links\" style=\"color: #ffffff;\" href=\"https:\/\/www.brasal.com.br\/trabalhe-na-brasal\/\">Trabalhe na Brasal<\/a><\/span><\/p><p><span style=\"color: #ffffff;\"><a style=\"color: #ffffff;\" href=\"https:\/\/canaldeetica.brasal.com.br\/denuncia\">Canal de \u00c9tica<\/a><\/span><\/p>\t\t\t\t\t\t<\/div>\n\t\t\t\t<\/div>\n\t\t\t\t<\/div>\n\t\t<div class=\"elementor-element elementor-element-d8bd358 e-con-full e-flex e-con e-child\" data-id=\"d8bd358\" data-element_type=\"container\">\n\t\t\t\t<div class=\"elementor-element elementor-element-755573d elementor-widget elementor-widget-heading\" data-id=\"755573d\" data-element_type=\"widget\" data-widget_type=\"heading.default\">\n\t\t\t\t<div class=\"elementor-widget-container\">\n\t\t\t<p class=\"elementor-heading-title elementor-size-default\">TEL: (61)3462-8077<\/p>\t\t<\/div>\n\t\t\t\t<\/div>\n\t\t\t\t<div class=\"elementor-element elementor-element-9e47646 elementor-widget elementor-widget-text-editor\" data-id=\"9e47646\" data-element_type=\"widget\" data-widget_type=\"text-editor.default\">\n\t\t\t\t<div class=\"elementor-widget-container\">\n\t\t\t\t\t\t\t<p>O INSTITUTO +BRASAL tem sede na cidade de Bras\u00edlia, Distrito Federal, no SIA Trecho 1 Lote 630 a 780, Bloco 5 Junta A, Sala 318, Edif\u00edcio Pra\u00e7a Capital, CEP 71200-011<\/p><p>institutomaisbrasal@brasal.com.br<\/p>\t\t\t\t\t\t<\/div>\n\t\t\t\t<\/div>\n\t\t\t\t<div class=\"elementor-element elementor-element-9324dcf elementor-widget elementor-widget-heading\" data-id=\"9324dcf\" data-element_type=\"widget\" data-widget_type=\"heading.default\">\n\t\t\t\t<div class=\"elementor-widget-container\">\n\t\t\t<p class=\"elementor-heading-title elementor-size-default\">HOR\u00c1RIO DE ATENDIMENTO:<\/p>\t\t<\/div>\n\t\t\t\t<\/div>\n\t\t\t\t<div class=\"elementor-element elementor-element-9ea16f2 elementor-widget elementor-widget-text-editor\" data-id=\"9ea16f2\" data-element_type=\"widget\" data-widget_type=\"text-editor.default\">\n\t\t\t\t<div class=\"elementor-widget-container\">\n\t\t\t\t\t\t\t<p>Segunda \u2013 Sexta<br \/>08:00 \u00e0s 18:00<\/p>\t\t\t\t\t\t<\/div>\n\t\t\t\t<\/div>\n\t\t\t\t<\/div>\n\t\t\t\t\t<\/div>\n\t\t\t\t<\/div>\n\t\t\t\t<\/div>\n\t\t","protected":false},"excerpt":{"rendered":"<p>O objetivo do programa \u201cCome\u00e7ar Bem\u201d \u00e9 preparar adolescentes para ingressarem de forma assertiva e consciente no mercado de trabalho. Al\u00e9m disso, visa difundir para a nova gera\u00e7\u00e3o de profissionais, conhecimentos relacionados a tend\u00eancias tecnol\u00f3gicas inovadoras, auxiliando no processo de constru\u00e7\u00e3o do conhecimento e possibilitando a forma\u00e7\u00e3o integral dos participantes. Dessa forma, os adolescentes saem [&hellip;]<\/p>\n","protected":false},"author":2,"featured_media":0,"parent":0,"menu_order":0,"comment_status":"closed","ping_status":"closed","template":"elementor_header_footer","meta":{"footnotes":""},"class_list":["post-864","page","type-page","status-publish","hentry"],"_links":{"self":[{"href":"https:\/\/www.brasal.com.br\/instituto\/wp-json\/wp\/v2\/pages\/864","targetHints":{"allow":["GET"]}}],"collection":[{"href":"https:\/\/www.brasal.com.br\/instituto\/wp-json\/wp\/v2\/pages"}],"about":[{"href":"https:\/\/www.brasal.com.br\/instituto\/wp-json\/wp\/v2\/types\/page"}],"author":[{"embeddable":true,"href":"https:\/\/www.brasal.com.br\/instituto\/wp-json\/wp\/v2\/users\/2"}],"replies":[{"embeddable":true,"href":"https:\/\/www.brasal.com.br\/instituto\/wp-json\/wp\/v2\/comments?post=864"}],"version-history":[{"count":184,"href":"https:\/\/www.brasal.com.br\/instituto\/wp-json\/wp\/v2\/pages\/864\/revisions"}],"predecessor-version":[{"id":3385,"href":"https:\/\/www.brasal.com.br\/instituto\/wp-json\/wp\/v2\/pages\/864\/revisions\/3385"}],"wp:attachment":[{"href":"https:\/\/www.brasal.com.br\/instituto\/wp-json\/wp\/v2\/media?parent=864"}],"curies":[{"name":"wp","href":"https:\/\/api.w.org\/{rel}","templated":true}]}}