{"id":2937,"date":"2024-05-22T09:23:06","date_gmt":"2024-05-22T12:23:06","guid":{"rendered":"https:\/\/www.brasal.com.br\/instituto\/wordpress\/?page_id=2937"},"modified":"2025-07-22T14:53:22","modified_gmt":"2025-07-22T17:53:22","slug":"voluntariado-empresarial","status":"publish","type":"page","link":"https:\/\/www.brasal.com.br\/instituto\/voluntariado-empresarial\/","title":{"rendered":"Voluntariado Empresarial"},"content":{"rendered":"\t\t<div data-elementor-type=\"wp-page\" data-elementor-id=\"2937\" class=\"elementor elementor-2937\">\n\t\t\t\t<div class=\"elementor-element elementor-element-938a989 e-flex e-con-boxed e-con e-parent\" data-id=\"938a989\" data-element_type=\"container\" data-settings=\"{&quot;background_background&quot;:&quot;classic&quot;}\">\n\t\t\t\t\t<div class=\"e-con-inner\">\n\t\t<div class=\"elementor-element elementor-element-2fdd0a3 e-con-full e-flex e-con e-child\" data-id=\"2fdd0a3\" data-element_type=\"container\">\n\t\t\t\t<div class=\"elementor-element elementor-element-3ff26b3 elementor-widget__width-initial elementor-widget elementor-widget-html\" data-id=\"3ff26b3\" data-element_type=\"widget\" data-widget_type=\"html.default\">\n\t\t\t\t<div class=\"elementor-widget-container\">\n\t\t\t<div style=\"position: relative; padding-bottom: 177.78%; height: 0; overflow: hidden; frameborder;  border: 2px solid #fff; border-radius: 16px; box-shadow: 0 4px 12px rgba(0,0,0,0.6);\">\r\n  <iframe\r\n    src=\"https:\/\/www.youtube.com\/embed\/gxlh9Y1wJw4?autoplay=1\"\r\n    frameborder=\"0\"\r\n    allowfullscreen\r\n    allow=\"autoplay; encrypted-media\"\r\n    style=\"position: absolute; top:0; left: 0; width: 100%; height: 100%;\">\r\n  <\/iframe>\r\n<\/div>\r\n\t\t<\/div>\n\t\t\t\t<\/div>\n\t\t\t\t<\/div>\n\t\t<div class=\"elementor-element elementor-element-505f6bd e-con-full e-flex e-con e-child\" data-id=\"505f6bd\" data-element_type=\"container\">\n\t\t\t\t<div class=\"elementor-element elementor-element-95f338f elementor-widget elementor-widget-heading\" data-id=\"95f338f\" data-element_type=\"widget\" data-widget_type=\"heading.default\">\n\t\t\t\t<div class=\"elementor-widget-container\">\n\t\t\t<h1 class=\"elementor-heading-title elementor-size-default\">PROGRAMA VOLUNTARIADO BRASAL<\/h1>\t\t<\/div>\n\t\t\t\t<\/div>\n\t\t\t\t<div class=\"elementor-element elementor-element-d4e4cd9 elementor-align-center elementor-widget elementor-widget-button\" data-id=\"d4e4cd9\" data-element_type=\"widget\" data-widget_type=\"button.default\">\n\t\t\t\t<div class=\"elementor-widget-container\">\n\t\t\t\t\t<div class=\"elementor-button-wrapper\">\n\t\t\t<a class=\"elementor-button elementor-button-link elementor-size-sm\" href=\"https:\/\/www.brasal.com.br\/instituto\/cadastro-de-voluntario\">\n\t\t\t\t\t\t<span class=\"elementor-button-content-wrapper\">\n\t\t\t\t\t\t\t\t\t<span class=\"elementor-button-text\">Clique aqui para se cadastrar<\/span>\n\t\t\t\t\t<\/span>\n\t\t\t\t\t<\/a>\n\t\t<\/div>\n\t\t\t\t<\/div>\n\t\t\t\t<\/div>\n\t\t\t\t<\/div>\n\t\t\t\t\t<\/div>\n\t\t\t\t<\/div>\n\t\t<div class=\"elementor-element elementor-element-0283ebd e-flex e-con-boxed e-con e-parent\" data-id=\"0283ebd\" data-element_type=\"container\">\n\t\t\t\t\t<div class=\"e-con-inner\">\n\t\t\t\t<div class=\"elementor-element elementor-element-f1bae97 elementor-widget elementor-widget-text-editor\" data-id=\"f1bae97\" data-element_type=\"widget\" data-widget_type=\"text-editor.default\">\n\t\t\t\t<div class=\"elementor-widget-container\">\n\t\t\t\t\t\t\t<p dir=\"ltr\">O Programa de Voluntariado Corporativo do Instituto +Brasal impulsiona transforma\u00e7\u00f5es sociais por meio do comprometimento dos seus colaboradores em iniciativas volunt\u00e1rias. Engajados, eles contribuem para diversas causas em organiza\u00e7\u00f5es sociais, escolas p\u00fablicas e espa\u00e7os comunit\u00e1rios.<\/p><p dir=\"ltr\">O objetivo \u00e9 promover o engajamento dos colaboradores das empresas Brasal em a\u00e7\u00f5es volunt\u00e1rias que beneficiem a comunidade local e que causem um impacto positivo na sociedade. Al\u00e9m de estimular o senso de responsabilidade social e cidadania entre os colaboradores, contribuir para o desenvolvimento sustent\u00e1vel das comunidades onde a Brasal est\u00e1 inserida, fortalecer o trabalho em equipe e a integra\u00e7\u00e3o entre os colaboradores, ampliar a vis\u00e3o de mundo dos participantes, promovendo empatia e solidariedade e gerar reconhecimento e valoriza\u00e7\u00e3o da empresa na comunidade.<\/p>\t\t\t\t\t\t<\/div>\n\t\t\t\t<\/div>\n\t\t\t\t\t<\/div>\n\t\t\t\t<\/div>\n\t\t<div class=\"elementor-element elementor-element-92ac306 e-flex e-con-boxed e-con e-parent\" data-id=\"92ac306\" data-element_type=\"container\">\n\t\t\t\t\t<div class=\"e-con-inner\">\n\t\t\t\t<div class=\"elementor-element elementor-element-fad1600 elementor-widget elementor-widget-html\" data-id=\"fad1600\" data-element_type=\"widget\" data-widget_type=\"html.default\">\n\t\t\t\t<div class=\"elementor-widget-container\">\n\t\t\t <style>\r\n        .accordion {\r\n            width: 100%;\r\n        }\r\n        .accordion .card {\r\n            border: none;\r\n            background-color: transparent;\r\n        }\r\n        .accordion .card:not(:last-child) {\r\n            margin-bottom: 1rem;\r\n        }\r\n        .accordion .card-header {\r\n            padding: 1.75rem 1.25rem;\r\n            margin: 0;\r\n            background-color: #FFF;\r\n            border: none;\r\n            cursor: pointer;\r\n            transition: background-color 0.3s ease;\r\n        }\r\n        .accordion .card-header:hover {\r\n            background-color: #f0f0f0;\r\n        }\r\n        .accordion .card-header h5 {\r\n            margin: 0;\r\n            font-size: 1.25rem;\r\n            text-transform: uppercase;\r\n        }\r\n        .collapse {\r\n            transition: max-height 0.5s ease;\r\n            overflow: hidden;\r\n            max-height: 0;\r\n        }\r\n        .card-body {\r\n            padding: 1.25rem;\r\n            background-color: #f8f9fa;\r\n        }\r\n\r\n        .card-header {\r\n    display: flex; \/* Torna .card-header um flex container *\/\r\n    align-items: center; \/* Alinha os itens (a imagem e o texto) verticalmente ao centro *\/\r\n    cursor: pointer;\r\n    transition: background-color 0.3s ease;\r\n    padding: 1.75rem 1.25rem !important;\r\n    border-radius: 5px;\r\n    margin-bottom: 20px;\r\n}\r\n\r\n.img-37 {\r\n    margin-right: 20px; \r\n    width: 37px;\r\n    height: auto;\r\n}\r\n\r\n.card-header h5 {\r\n    margin: 0; \r\n    font-size: 19px;   \r\n    font-weight: 300;\r\n    letter-spacing: 8px;\r\n    text-transform: uppercase;\r\n}\r\n\r\n        \/* Cores intercaladas para as abas do t\u00edtulo *\/\r\n        .card:nth-child(odd) .card-header {\r\n            background-color: #004994;\r\n            color: #fff;\r\n        }\r\n        .card:nth-child(even) .card-header {\r\n            background-color: #511D60;\r\n            color: #fff;\r\n        }\r\n        .card:nth-child(3n) .card-header {\r\n            background-color: #E30613;\r\n            color: #fff;\r\n        }\r\n        .card:nth-child(4n) .card-header {\r\n            background-color: #00545F;\r\n            color: #fff;\r\n        }\r\n        .card:nth-child(5n) .card-header {\r\n            background-color: #EF7D00;\r\n            color: #fff;\r\n        }\r\n        \r\n        \/* Estilos para telas menores *\/\r\n    @media (max-width: 768px) {\r\n    .img-37 {\r\n        width: 30px; \r\n        margin-right: 10px;\r\n    }\r\n\r\n    .card-header h5 {\r\n        font-size: 15px; \r\n        letter-spacing: 3px;\r\n    }\r\n}\r\n    <\/style>\r\n<\/head>\r\n<body>\r\n\r\n<div id=\"accordion\">\r\n\r\n  <!-- ABA #1 -->\r\n<div class=\"card\">\r\n  <div class=\"card-header\" id=\"headingOne\">\r\n    <img decoding=\"async\" class=\"img-37\" src=\"https:\/\/www.brasal.com.br\/instituto\/wp-content\/uploads\/2024\/03\/Ativo-103.png\" alt=\"feature-icon\"><h5 class=\"mb-0\">Todos podem ser volunt\u00e1rios<\/h5>\r\n  <\/div>\r\n  <div id=\"collapseOne\" class=\"collapse\" aria-labelledby=\"headingOne\" data-parent=\"#accordion\">\r\n      <div class=\"card-body\">\r\n          <p>O que cada um faz bem pode fazer a diferen\u00e7a para algu\u00e9m. <\/p>\r\n      <\/div>\r\n  <\/div>\r\n<\/div>\r\n\r\n<!-- ABA #2 -->\r\n<div class=\"card\">\r\n  <div class=\"card-header\" id=\"headingOne\">\r\n    <img decoding=\"async\" class=\"img-37\" src=\"https:\/\/www.brasal.com.br\/instituto\/wp-content\/uploads\/2024\/03\/icon2.png\" alt=\"feature-icon\"><h5 class=\"mb-0\">O volunt\u00e1rio doa e recebe<\/h5>\r\n  <\/div>\r\n  <div id=\"collapseOne\" class=\"collapse\" aria-labelledby=\"headingOne\" data-parent=\"#accordion\">\r\n      <div class=\"card-body\">\r\n          <p>\u00c9 uma via de m\u00e3o dupla. O volunt\u00e1rio doa sua energia, tempo e talento. Em retorno, ele tem contato com outras pessoas, oportunidade de viver situa\u00e7\u00f5es novas e a satisfa\u00e7\u00e3o de se sentir \u00fatil.<\/p>\r\n      <\/div>\r\n  <\/div>\r\n<\/div>\r\n\r\n<!-- ABA #3 -->\r\n<div class=\"card\">\r\n  <div class=\"card-header\" id=\"headingTwo\">\r\n    <img decoding=\"async\" class=\"img-37\" src=\"https:\/\/www.brasal.com.br\/instituto\/wp-content\/uploads\/2024\/03\/icon3.png\" alt=\"feature-icon\"><h5 class=\"mb-0\">Com o voluntariado todos ganham<\/h5>\r\n  <\/div>\r\n  <div id=\"collapseTwo\" class=\"collapse\" aria-labelledby=\"headingTwo\" data-parent=\"#accordion\">\r\n      <div class=\"card-body\">\r\n          <p>A a\u00e7\u00e3o volunt\u00e1ria possibilita o exerc\u00edcio da cidadania e a melhoria da qualidade de vida da comunidade. Tamb\u00e9m promove a solidariedade e contribui para a constru\u00e7\u00e3o de uma sociedade mais justa e humana.<\/p>\r\n      <\/div>\r\n  <\/div>\r\n<\/div>\r\n\r\n<!-- ABA #4 -->\r\n<div class=\"card\">\r\n  <div class=\"card-header\" id=\"headingThree\">\r\n    <img decoding=\"async\" class=\"img-37\" src=\"https:\/\/www.brasal.com.br\/instituto\/wp-content\/uploads\/2024\/03\/icon4.png\" alt=\"feature-icon\"><h5 class=\"mb-0\">Cada um \u00e9 volunt\u00e1rio a seu modo<\/h5>\r\n  <\/div>\r\n  <div id=\"collapseThree\" class=\"collapse\" aria-labelledby=\"headingThree\" data-parent=\"#accordion\">\r\n      <div class=\"card-body\">\r\n          <p>As formas de a\u00e7\u00e3o volunt\u00e1ria s\u00e3o t\u00e3o variadas quanto \u00e0s necessidades da comunidade e a criatividade do volunt\u00e1rio. Cada um contribui, na medida de suas possibilidades, com aquilo que sabe e quer fazer.<\/p>\r\n      <\/div>\r\n  <\/div>\r\n<\/div>\r\n\r\n<!-- ABA #5 -->\r\n<div class=\"card\">\r\n  <div class=\"card-header\" id=\"headingFour\">\r\n    <img decoding=\"async\" class=\"img-37\" src=\"https:\/\/www.brasal.com.br\/instituto\/wp-content\/uploads\/2024\/03\/icon5.png\" alt=\"feature-icon\"><h5 class=\"mb-0\">Sendo volunt\u00e1rio voc\u00ea se desenvolve<\/h5>\r\n  <\/div>\r\n  <div id=\"collapseFour\" class=\"collapse\" aria-labelledby=\"headingFour\" data-parent=\"#accordion\">\r\n      <div class=\"card-body\">\r\n          <p>\u00c9 tamb\u00e9m uma oportunidade de fazer novos amigos, troca de experi\u00eancias e aprendizado. Agrega conhecimento, desenvolve a capacidade de compreender outras realidades e descobre novas habilidades.<\/p>\r\n      <\/div>\r\n  <\/div>\r\n<\/div>\r\n\r\n<!-- ABA #6 -->\r\n<div class=\"card\">\r\n  <div class=\"card-header\" id=\"headingFive\">\r\n    <img decoding=\"async\" class=\"img-37\" src=\"https:\/\/www.brasal.com.br\/instituto\/wp-content\/uploads\/2024\/03\/icon6.png\" alt=\"feature-icon\"><h5 class=\"mb-0\">Quem \u00e9 volunt\u00e1rio sente-se mais feliz<\/h5>\r\n  <\/div>\r\n  <div id=\"collapseFive\" class=\"collapse\" aria-labelledby=\"headingFive\" data-parent=\"#accordion\">\r\n      <div class=\"card-body\">\r\n          <p>Ser \u00fatil a algu\u00e9m faz as pessoas sentirem-se melhores com elas mesmas, proporcionando satisfa\u00e7\u00e3o e alegria.<\/p>\r\n      <\/div>\r\n  <\/div>\r\n<\/div>\r\n\r\n<\/div>\r\n\r\n\r\n\r\n<script>\r\n    document.addEventListener('DOMContentLoaded', function () {\r\n        var accordion = document.getElementById('accordion');\r\n        var cards = accordion.getElementsByClassName('card');\r\n\r\n        var toggleCollapse = function (collapseElement) {\r\n            if (collapseElement.style.maxHeight) {\r\n                collapseElement.style.maxHeight = null;\r\n            } else {\r\n                Array.from(cards).forEach(function (card) {\r\n                    var collapse = card.querySelector('.collapse');\r\n                    collapse.style.maxHeight = null;\r\n                });\r\n                collapseElement.style.maxHeight = collapseElement.scrollHeight + 'px';\r\n            }\r\n        };\r\n\r\n        Array.from(cards).forEach(function (card) {\r\n            var header = card.querySelector('.card-header');\r\n            header.addEventListener('click', function () {\r\n                var collapse = card.querySelector('.collapse');\r\n                toggleCollapse(collapse);\r\n            });\r\n        });\r\n    });\r\n<\/script>\r\n\r\n\t\t<\/div>\n\t\t\t\t<\/div>\n\t\t\t\t<div class=\"elementor-element elementor-element-4b07d0a elementor-widget elementor-widget-heading\" data-id=\"4b07d0a\" data-element_type=\"widget\" data-widget_type=\"heading.default\">\n\t\t\t\t<div class=\"elementor-widget-container\">\n\t\t\t<h2 class=\"elementor-heading-title elementor-size-default\">Qualquer colaborador pode ser volunt\u00e1rio no Instituto +Brasal. Venha somar com a gente!<\/h2>\t\t<\/div>\n\t\t\t\t<\/div>\n\t\t\t\t<div class=\"elementor-element elementor-element-8f8287c elementor-align-center elementor-widget elementor-widget-button\" data-id=\"8f8287c\" data-element_type=\"widget\" data-widget_type=\"button.default\">\n\t\t\t\t<div class=\"elementor-widget-container\">\n\t\t\t\t\t<div class=\"elementor-button-wrapper\">\n\t\t\t<a class=\"elementor-button elementor-button-link elementor-size-sm\" href=\"https:\/\/www.brasal.com.br\/instituto\/cadastro-de-voluntario\/\">\n\t\t\t\t\t\t<span class=\"elementor-button-content-wrapper\">\n\t\t\t\t\t\t\t\t\t<span class=\"elementor-button-text\">Clique aqui para se cadastrar<\/span>\n\t\t\t\t\t<\/span>\n\t\t\t\t\t<\/a>\n\t\t<\/div>\n\t\t\t\t<\/div>\n\t\t\t\t<\/div>\n\t\t\t\t<div class=\"elementor-element elementor-element-e17a6bd elementor-widget elementor-widget-image\" data-id=\"e17a6bd\" data-element_type=\"widget\" data-widget_type=\"image.default\">\n\t\t\t\t<div class=\"elementor-widget-container\">\n\t\t\t\t\t\t\t\t\t\t\t\t\t<img fetchpriority=\"high\" decoding=\"async\" width=\"650\" height=\"700\" src=\"https:\/\/www.brasal.com.br\/instituto\/wp-content\/uploads\/2024\/03\/amplitude-1.png\" class=\"attachment-large size-large wp-image-672\" alt=\"\" srcset=\"https:\/\/www.brasal.com.br\/instituto\/wp-content\/uploads\/2024\/03\/amplitude-1.png 650w, https:\/\/www.brasal.com.br\/instituto\/wp-content\/uploads\/2024\/03\/amplitude-1-279x300.png 279w, https:\/\/www.brasal.com.br\/instituto\/wp-content\/uploads\/2024\/03\/amplitude-1-200x215.png 200w\" sizes=\"(max-width: 650px) 100vw, 650px\" \/>\t\t\t\t\t\t\t\t\t\t\t\t\t<\/div>\n\t\t\t\t<\/div>\n\t\t\t\t\t<\/div>\n\t\t\t\t<\/div>\n\t\t<div class=\"elementor-element elementor-element-74ce6a5 e-flex e-con-boxed e-con e-parent\" data-id=\"74ce6a5\" data-element_type=\"container\">\n\t\t\t\t\t<div class=\"e-con-inner\">\n\t\t\t\t\t<\/div>\n\t\t\t\t<\/div>\n\t\t\t\t<\/div>\n\t\t","protected":false},"excerpt":{"rendered":"<p>PROGRAMA VOLUNTARIADO BRASAL Clique aqui para se cadastrar O Programa de Voluntariado Corporativo do Instituto +Brasal impulsiona transforma\u00e7\u00f5es sociais por meio do comprometimento dos seus colaboradores em iniciativas volunt\u00e1rias. Engajados, eles contribuem para diversas causas em organiza\u00e7\u00f5es sociais, escolas p\u00fablicas e espa\u00e7os comunit\u00e1rios. O objetivo \u00e9 promover o engajamento dos colaboradores das empresas Brasal em [&hellip;]<\/p>\n","protected":false},"author":2,"featured_media":0,"parent":0,"menu_order":0,"comment_status":"closed","ping_status":"closed","template":"elementor_header_footer","meta":{"footnotes":""},"class_list":["post-2937","page","type-page","status-publish","hentry"],"_links":{"self":[{"href":"https:\/\/www.brasal.com.br\/instituto\/wp-json\/wp\/v2\/pages\/2937","targetHints":{"allow":["GET"]}}],"collection":[{"href":"https:\/\/www.brasal.com.br\/instituto\/wp-json\/wp\/v2\/pages"}],"about":[{"href":"https:\/\/www.brasal.com.br\/instituto\/wp-json\/wp\/v2\/types\/page"}],"author":[{"embeddable":true,"href":"https:\/\/www.brasal.com.br\/instituto\/wp-json\/wp\/v2\/users\/2"}],"replies":[{"embeddable":true,"href":"https:\/\/www.brasal.com.br\/instituto\/wp-json\/wp\/v2\/comments?post=2937"}],"version-history":[{"count":31,"href":"https:\/\/www.brasal.com.br\/instituto\/wp-json\/wp\/v2\/pages\/2937\/revisions"}],"predecessor-version":[{"id":4253,"href":"https:\/\/www.brasal.com.br\/instituto\/wp-json\/wp\/v2\/pages\/2937\/revisions\/4253"}],"wp:attachment":[{"href":"https:\/\/www.brasal.com.br\/instituto\/wp-json\/wp\/v2\/media?parent=2937"}],"curies":[{"name":"wp","href":"https:\/\/api.w.org\/{rel}","templated":true}]}}