{"id":1539,"date":"2024-04-15T11:57:10","date_gmt":"2024-04-15T14:57:10","guid":{"rendered":"https:\/\/www.brasal.com.br\/instituto\/wordpress\/?page_id=1539"},"modified":"2024-08-21T11:41:21","modified_gmt":"2024-08-21T14:41:21","slug":"educacao","status":"publish","type":"page","link":"https:\/\/www.brasal.com.br\/instituto\/educacao\/","title":{"rendered":"Educa\u00e7\u00e3o"},"content":{"rendered":"\t\t<div data-elementor-type=\"wp-page\" data-elementor-id=\"1539\" class=\"elementor elementor-1539\">\n\t\t\t\t<div class=\"elementor-element elementor-element-cbbd2e0 e-flex e-con-boxed e-con e-parent\" data-id=\"cbbd2e0\" data-element_type=\"container\" data-settings=\"{&quot;background_background&quot;:&quot;classic&quot;}\">\n\t\t\t\t\t<div class=\"e-con-inner\">\n\t\t<div class=\"elementor-element elementor-element-c367c3e e-con-full e-flex e-con e-child\" data-id=\"c367c3e\" data-element_type=\"container\">\n\t\t\t\t<div class=\"elementor-element elementor-element-928c2d3 elementor-widget elementor-widget-image\" data-id=\"928c2d3\" data-element_type=\"widget\" data-widget_type=\"image.default\">\n\t\t\t\t<div class=\"elementor-widget-container\">\n\t\t\t\t\t\t\t\t\t\t\t\t\t<img fetchpriority=\"high\" decoding=\"async\" width=\"800\" height=\"800\" src=\"https:\/\/www.brasal.com.br\/instituto\/wp-content\/uploads\/2024\/04\/Estudante-OSCs.webp\" class=\"attachment-large size-large wp-image-2288\" alt=\"\" srcset=\"https:\/\/www.brasal.com.br\/instituto\/wp-content\/uploads\/2024\/04\/Estudante-OSCs.webp 1000w, https:\/\/www.brasal.com.br\/instituto\/wp-content\/uploads\/2024\/04\/Estudante-OSCs-300x300.webp 300w, https:\/\/www.brasal.com.br\/instituto\/wp-content\/uploads\/2024\/04\/Estudante-OSCs-150x150.webp 150w, https:\/\/www.brasal.com.br\/instituto\/wp-content\/uploads\/2024\/04\/Estudante-OSCs-768x768.webp 768w, https:\/\/www.brasal.com.br\/instituto\/wp-content\/uploads\/2024\/04\/Estudante-OSCs-200x200.webp 200w\" sizes=\"(max-width: 800px) 100vw, 800px\" \/>\t\t\t\t\t\t\t\t\t\t\t\t\t<\/div>\n\t\t\t\t<\/div>\n\t\t\t\t<\/div>\n\t\t<div class=\"elementor-element elementor-element-9fce8d9 e-con-full e-flex e-con e-child\" data-id=\"9fce8d9\" data-element_type=\"container\">\n\t\t\t\t<div class=\"elementor-element elementor-element-84a3331 elementor-widget elementor-widget-heading\" data-id=\"84a3331\" data-element_type=\"widget\" data-widget_type=\"heading.default\">\n\t\t\t\t<div class=\"elementor-widget-container\">\n\t\t\t<h2 class=\"elementor-heading-title elementor-size-default\">Educa\u00e7\u00e3o<\/h2>\t\t<\/div>\n\t\t\t\t<\/div>\n\t\t\t\t<div class=\"elementor-element elementor-element-fffe0dc elementor-widget elementor-widget-text-editor\" data-id=\"fffe0dc\" data-element_type=\"widget\" data-widget_type=\"text-editor.default\">\n\t\t\t\t<div class=\"elementor-widget-container\">\n\t\t\t\t\t\t\t<p dir=\"ltr\">O eixo de educa\u00e7\u00e3o do Instituto +Brasal \u00e9 respons\u00e1vel por promover a\u00e7\u00f5es socioeducativas, socioambientais e de<\/p><p dir=\"ltr\">aperfei\u00e7oamento profissional, pontos fundamentais para a estrutura\u00e7\u00e3o da sociedade.<\/p>\t\t\t\t\t\t<\/div>\n\t\t\t\t<\/div>\n\t\t\t\t<div class=\"elementor-element elementor-element-8721fbf elementor-align-center elementor-widget__width-inherit elementor-widget elementor-widget-button\" data-id=\"8721fbf\" data-element_type=\"widget\" data-widget_type=\"button.default\">\n\t\t\t\t<div class=\"elementor-widget-container\">\n\t\t\t\t\t<div class=\"elementor-button-wrapper\">\n\t\t\t<a class=\"elementor-button elementor-button-link elementor-size-sm elementor-animation-grow\" href=\"https:\/\/www.brasal.com.br\/instituto\/comecar-bem\/\" target=\"_blank\">\n\t\t\t\t\t\t<span class=\"elementor-button-content-wrapper\">\n\t\t\t\t\t\t\t\t\t<span class=\"elementor-button-text\">Come\u00e7ar Bem<\/span>\n\t\t\t\t\t<\/span>\n\t\t\t\t\t<\/a>\n\t\t<\/div>\n\t\t\t\t<\/div>\n\t\t\t\t<\/div>\n\t\t\t\t<div class=\"elementor-element elementor-element-37ce2c9 elementor-align-center elementor-widget elementor-widget-button\" data-id=\"37ce2c9\" data-element_type=\"widget\" data-widget_type=\"button.default\">\n\t\t\t\t<div class=\"elementor-widget-container\">\n\t\t\t\t\t<div class=\"elementor-button-wrapper\">\n\t\t\t<a class=\"elementor-button elementor-button-link elementor-size-sm elementor-animation-grow\" href=\"https:\/\/www.brasal.com.br\/blogrefri\/vemcomagente\/\" target=\"_blank\">\n\t\t\t\t\t\t<span class=\"elementor-button-content-wrapper\">\n\t\t\t\t\t\t\t\t\t<span class=\"elementor-button-text\">Vem com a gente<\/span>\n\t\t\t\t\t<\/span>\n\t\t\t\t\t<\/a>\n\t\t<\/div>\n\t\t\t\t<\/div>\n\t\t\t\t<\/div>\n\t\t\t\t<\/div>\n\t\t\t\t\t<\/div>\n\t\t\t\t<\/div>\n\t\t\t\t<\/div>\n\t\t","protected":false},"excerpt":{"rendered":"<p>Educa\u00e7\u00e3o O eixo de educa\u00e7\u00e3o do Instituto +Brasal \u00e9 respons\u00e1vel por promover a\u00e7\u00f5es socioeducativas, socioambientais e de aperfei\u00e7oamento profissional, pontos fundamentais para a estrutura\u00e7\u00e3o da sociedade. Come\u00e7ar Bem Vem com a gente<\/p>\n","protected":false},"author":2,"featured_media":0,"parent":0,"menu_order":0,"comment_status":"closed","ping_status":"closed","template":"elementor_header_footer","meta":{"footnotes":""},"class_list":["post-1539","page","type-page","status-publish","hentry"],"_links":{"self":[{"href":"https:\/\/www.brasal.com.br\/instituto\/wp-json\/wp\/v2\/pages\/1539","targetHints":{"allow":["GET"]}}],"collection":[{"href":"https:\/\/www.brasal.com.br\/instituto\/wp-json\/wp\/v2\/pages"}],"about":[{"href":"https:\/\/www.brasal.com.br\/instituto\/wp-json\/wp\/v2\/types\/page"}],"author":[{"embeddable":true,"href":"https:\/\/www.brasal.com.br\/instituto\/wp-json\/wp\/v2\/users\/2"}],"replies":[{"embeddable":true,"href":"https:\/\/www.brasal.com.br\/instituto\/wp-json\/wp\/v2\/comments?post=1539"}],"version-history":[{"count":26,"href":"https:\/\/www.brasal.com.br\/instituto\/wp-json\/wp\/v2\/pages\/1539\/revisions"}],"predecessor-version":[{"id":4074,"href":"https:\/\/www.brasal.com.br\/instituto\/wp-json\/wp\/v2\/pages\/1539\/revisions\/4074"}],"wp:attachment":[{"href":"https:\/\/www.brasal.com.br\/instituto\/wp-json\/wp\/v2\/media?parent=1539"}],"curies":[{"name":"wp","href":"https:\/\/api.w.org\/{rel}","templated":true}]}}