{"id":3031,"date":"2018-04-16T09:13:57","date_gmt":"2018-04-16T12:13:57","guid":{"rendered":"http:\/\/www.brasal.com.br\/refrigerantes\/?page_id=3031"},"modified":"2021-09-16T14:13:59","modified_gmt":"2021-09-16T17:13:59","slug":"codigo-de-etica","status":"publish","type":"page","link":"https:\/\/www.brasal.com.br\/blogrefri\/codigo-de-etica\/","title":{"rendered":"C\u00f3digo de \u00c9tica"},"content":{"rendered":"<p>A \u00e9tica no trabalho orienta n\u00e3o apenas o teor das decis\u00f5es &#8211; o que devo fazer &#8211; como tamb\u00e9m o processo para a tomada de decis\u00e3o &#8211; como devo fazer. As preocupa\u00e7\u00f5es di\u00e1rias da Brasal com a efici\u00eancia, competitividade e lucratividade n\u00e3o podem prescindir de um comportamento \u00e9tico.<\/p>\n<p>Em rela\u00e7\u00e3o \u00e0s empresas e organiza\u00e7\u00f5es, o c\u00f3digo de \u00e9tica \u00e9 uma representa\u00e7\u00e3o de seus valores, o que coopera com a realiza\u00e7\u00e3o da Miss\u00e3o e da Vis\u00e3o da empresa. Ele orienta as a\u00e7\u00f5es de seus colaboradores ao mesmo tempo em que informa sua postura social a todas as partes interessadas. O C\u00f3digo de \u00c9tica e Conduta da Brasal re\u00fane um conjunto de orienta\u00e7\u00f5es que devem ser utilizadas por todos da organiza\u00e7\u00e3o, de forma persistente e cont\u00ednua no desempenho de suas atividades, a fim de proporcionar confian\u00e7a a seus Colaboradores, Clientes, Fornecedores, Acionistas, Parceiros e a toda a Sociedade &#8211; comunidade e governo.<\/p>\n<p>A aplica\u00e7\u00e3o consciente e racional dessas diretrizes propiciar\u00e1, seguramente, o alcance da excel\u00eancia da qualidade em todos os sentidos, ao mesmo tempo em que constituir\u00e1, nas m\u00e3os de todos os colaboradores, um instrumento para o seu pr\u00f3prio desenvolvimento. O C\u00f3digo de \u00c9tica e Conduta da Brasal apresentado a seguir t\u00eam validade a partir de sua publica\u00e7\u00e3o, devendo ser cumprido em todos os seus par\u00e1grafos.<\/p>\n<p>Os questionamentos, d\u00favidas e relatos de situa\u00e7\u00f5es e ocorr\u00eancias de poss\u00edvel viola\u00e7\u00e3o do C\u00f3digo de \u00c9tica e Conduta poder\u00e3o ser feitos por qualquer colaborador, por meio de carta, e-mail, intranet ou pessoalmente, junto aos integrantes do Comit\u00ea, sendo opcional a identifica\u00e7\u00e3o.<\/p>\n","protected":false},"excerpt":{"rendered":"<p>A \u00e9tica no trabalho orienta n\u00e3o apenas o teor das decis\u00f5es &#8211; o que devo fazer &#8211; como tamb\u00e9m o processo para a tomada de decis\u00e3o &#8211; como devo fazer. As preocupa\u00e7\u00f5es di\u00e1rias da Brasal com a efici\u00eancia, competitividade e lucratividade n\u00e3o podem prescindir de um comportamento \u00e9tico. Em rela\u00e7\u00e3o \u00e0s empresas e organiza\u00e7\u00f5es, o<\/p>\n","protected":false},"author":1,"featured_media":9259,"parent":0,"menu_order":0,"comment_status":"closed","ping_status":"closed","template":"","meta":[],"zion_builder_status":false,"_links":{"self":[{"href":"https:\/\/www.brasal.com.br\/blogrefri\/wp-json\/wp\/v2\/pages\/3031"}],"collection":[{"href":"https:\/\/www.brasal.com.br\/blogrefri\/wp-json\/wp\/v2\/pages"}],"about":[{"href":"https:\/\/www.brasal.com.br\/blogrefri\/wp-json\/wp\/v2\/types\/page"}],"author":[{"embeddable":true,"href":"https:\/\/www.brasal.com.br\/blogrefri\/wp-json\/wp\/v2\/users\/1"}],"replies":[{"embeddable":true,"href":"https:\/\/www.brasal.com.br\/blogrefri\/wp-json\/wp\/v2\/comments?post=3031"}],"version-history":[{"count":5,"href":"https:\/\/www.brasal.com.br\/blogrefri\/wp-json\/wp\/v2\/pages\/3031\/revisions"}],"predecessor-version":[{"id":9925,"href":"https:\/\/www.brasal.com.br\/blogrefri\/wp-json\/wp\/v2\/pages\/3031\/revisions\/9925"}],"wp:featuredmedia":[{"embeddable":true,"href":"https:\/\/www.brasal.com.br\/blogrefri\/wp-json\/wp\/v2\/media\/9259"}],"wp:attachment":[{"href":"https:\/\/www.brasal.com.br\/blogrefri\/wp-json\/wp\/v2\/media?parent=3031"}],"curies":[{"name":"wp","href":"https:\/\/api.w.org\/{rel}","templated":true}]}}